{"id":401,"date":"2017-05-12T13:46:12","date_gmt":"2017-05-12T13:46:12","guid":{"rendered":"https:\/\/xn--nl-bau-2yac.de\/impressum\/"},"modified":"2017-05-12T13:46:12","modified_gmt":"2017-05-12T13:46:12","slug":"impressum","status":"publish","type":"page","link":"https:\/\/xn--nl-bau-2yac.de\/fr\/impressum\/","title":{"rendered":"Impressum"},"content":{"rendered":"<div class=\"row-fluid\">\n<div class=\"span12\">\n<table class=\"RegPortErg\" border=\"0\" summary=\"Suchergebnis\" width=\"100%\" cellpadding=\"3\">\n<tbody>\n<tr>\n<td class=\"RegPortErg_FirmaKopf\" colspan=\"2\" valign=\"top\">\u00dcnl\u00fc Maler- und Verputz GmbH<\/td>\n<\/tr>\n<\/tbody>\n<\/table>\n<p class=\"reset headline\">Marktstra\u00dfe 23<\/p>\n<\/div>\n<\/div>\n<p>66839 Schmelz<br \/>\nDeutschland<\/p>\n<p>Telefon: <span class=\"_Xbe _ZWk kno-fv\"><a class=\"fl r-iwIFCWS8PFz8\" title=\"\u00dcber Hangouts anrufen\" data-number=\"+496887888479\" data-pstn-out-call-url=\"\" data-rtid=\"iwIFCWS8PFz8\" data-ved=\"0ahUKEwi_sbLngpzUAhUCI1AKHWmCCx0QkAgIeigAMA8\">+49 6887 888479<\/a><\/span><\/p>\n<p>&nbsp;<\/p>\n<p>Gesch\u00e4ftsf\u00fchrer: Selami \u00dcnl\u00fc<\/p>\n<p>Handelsregister: Amtsgericht Saarbr\u00fccken, HRB 92227<br \/>\nUst-ID: DE217821013<\/p>\n<p>Verantwortlich gem\u00e4\u00df \u00a7 55 RStV:<br \/>\nSelami \u00dcnl\u00fc<br \/>\nMarktstra\u00dfe 23<br \/>\n66839 Schmelz<\/p>\n<h3>BESCHWERDEVERFAHREN<\/h3>\n<div class=\"woocommerce woocommerce-gzd woocommerce-gzd-complaints-shortcode\">\n<h3>ALTERNATIVE STREITBEILEGUNG GEM\u00c4SS ART. 14 ABS. 1 ODR-VO UND \u00a7 36 VSBG<\/h3>\n<p>The european commission provides a platform for online dispute resolution (OS) which is accessible at <a href=\"http:\/\/ec.europa.eu\/consumers\/odr\/\" target=\"_blank\" rel=\"noopener noreferrer\">http:\/\/ec.europa.eu\/consumers\/odr\/<\/a>. We are not obliged nor willing to participate in dispute settlement proceedings before a consumer arbitration board.<\/p>\n<\/div>\n","protected":false},"excerpt":{"rendered":"<p>\u00dcnl\u00fc Maler- und Verputz GmbH Marktstra\u00dfe 23 66839 Schmelz Deutschland Telefon: +49 6887 888479 &nbsp; Gesch\u00e4ftsf\u00fchrer: Selami \u00dcnl\u00fc Handelsregister: Amtsgericht Saarbr\u00fccken, HRB 92227 Ust-ID: DE217821013 Verantwortlich gem\u00e4\u00df \u00a7 55 RStV: Selami \u00dcnl\u00fc Marktstra\u00dfe 23 66839 Schmelz BESCHWERDEVERFAHREN ALTERNATIVE STREITBEILEGUNG GEM\u00c4SS ART. 14 ABS. 1 ODR-VO UND \u00a7 36 VSBG The european commission provides a platform [&hellip;]<\/p>\n","protected":false},"author":1,"featured_media":0,"parent":0,"menu_order":0,"comment_status":"closed","ping_status":"closed","template":"","meta":{"footnotes":""},"_links":{"self":[{"href":"https:\/\/xn--nl-bau-2yac.de\/fr\/wp-json\/wp\/v2\/pages\/401"}],"collection":[{"href":"https:\/\/xn--nl-bau-2yac.de\/fr\/wp-json\/wp\/v2\/pages"}],"about":[{"href":"https:\/\/xn--nl-bau-2yac.de\/fr\/wp-json\/wp\/v2\/types\/page"}],"author":[{"embeddable":true,"href":"https:\/\/xn--nl-bau-2yac.de\/fr\/wp-json\/wp\/v2\/users\/1"}],"replies":[{"embeddable":true,"href":"https:\/\/xn--nl-bau-2yac.de\/fr\/wp-json\/wp\/v2\/comments?post=401"}],"version-history":[{"count":0,"href":"https:\/\/xn--nl-bau-2yac.de\/fr\/wp-json\/wp\/v2\/pages\/401\/revisions"}],"wp:attachment":[{"href":"https:\/\/xn--nl-bau-2yac.de\/fr\/wp-json\/wp\/v2\/media?parent=401"}],"curies":[{"name":"wp","href":"https:\/\/api.w.org\/{rel}","templated":true}]}}