{"id":397,"date":"2017-05-12T13:46:02","date_gmt":"2017-05-12T13:46:02","guid":{"rendered":"https:\/\/xn--nl-bau-2yac.de\/whatsapp\/"},"modified":"2018-04-14T07:54:03","modified_gmt":"2018-04-14T07:54:03","slug":"whatsapp","status":"publish","type":"page","link":"https:\/\/xn--nl-bau-2yac.de\/fr\/whatsapp\/","title":{"rendered":"Whatsapp"},"content":{"rendered":"<p>\u00dcnl\u00fc Bau GmbH vit dans l&#8217;\u00e2ge moderne! Et c&#8217;est exactement pourquoi vous pouvez nous joindre facilement et rapidement via WhatsApp! Nous attendons votre message avec impatience!<\/p>\n<div id=\"whatsapp-nummer\"><i class=\"fa fa-whatsapp\" aria-hidden=\"true\"><\/i> +49 179\/ 760 5965<\/div>\n","protected":false},"excerpt":{"rendered":"<p>\u00dcnl\u00fc Bau GmbH vit dans l&#8217;\u00e2ge moderne! Et c&#8217;est exactement pourquoi vous pouvez nous joindre facilement et rapidement via WhatsApp! Nous attendons votre message avec impatience! +49 179\/ 760 5965<\/p>\n","protected":false},"author":1,"featured_media":0,"parent":0,"menu_order":0,"comment_status":"closed","ping_status":"closed","template":"","meta":{"footnotes":""},"_links":{"self":[{"href":"https:\/\/xn--nl-bau-2yac.de\/fr\/wp-json\/wp\/v2\/pages\/397"}],"collection":[{"href":"https:\/\/xn--nl-bau-2yac.de\/fr\/wp-json\/wp\/v2\/pages"}],"about":[{"href":"https:\/\/xn--nl-bau-2yac.de\/fr\/wp-json\/wp\/v2\/types\/page"}],"author":[{"embeddable":true,"href":"https:\/\/xn--nl-bau-2yac.de\/fr\/wp-json\/wp\/v2\/users\/1"}],"replies":[{"embeddable":true,"href":"https:\/\/xn--nl-bau-2yac.de\/fr\/wp-json\/wp\/v2\/comments?post=397"}],"version-history":[{"count":1,"href":"https:\/\/xn--nl-bau-2yac.de\/fr\/wp-json\/wp\/v2\/pages\/397\/revisions"}],"predecessor-version":[{"id":398,"href":"https:\/\/xn--nl-bau-2yac.de\/fr\/wp-json\/wp\/v2\/pages\/397\/revisions\/398"}],"wp:attachment":[{"href":"https:\/\/xn--nl-bau-2yac.de\/fr\/wp-json\/wp\/v2\/media?parent=397"}],"curies":[{"name":"wp","href":"https:\/\/api.w.org\/{rel}","templated":true}]}}