{"id":395,"date":"2017-05-12T13:48:07","date_gmt":"2017-05-12T13:48:07","guid":{"rendered":"https:\/\/xn--nl-bau-2yac.de\/gelaenderbau\/leistungen\/"},"modified":"2018-04-14T07:59:45","modified_gmt":"2018-04-14T07:59:45","slug":"services","status":"publish","type":"page","link":"https:\/\/xn--nl-bau-2yac.de\/fr\/gelaenderbau\/services\/","title":{"rendered":"services"},"content":{"rendered":"<p>Afin d&#8217;assurer la qualit\u00e9 de nos garde-corps, nous utilisons en tant que soci\u00e9t\u00e9 la technologie d&#8217;anodisation avec de l&#8217;aluminium, qui emp\u00eache toute sorte de salet\u00e9 et de rouille. Notre mat\u00e9riau, avec des \u00e9paisseurs de 1,5 et 2,5 mm, peut \u00eatre obtenu dans des formes rondes et rectangulaires. Le domaine d&#8217;application de notre offre comprend des terrasses, des escaliers et des surfaces de balcon et peut \u00eatre fait \u00e0 l&#8217;int\u00e9rieur comme \u00e0 l&#8217;ext\u00e9rieur. Alternativement, nous offrons \u00e9galement l&#8217;utilisation du verre.<br \/>\nAvec nos instructions d&#8217;utilisation, notre syst\u00e8me de terrain de qualit\u00e9 a toujours une longue vie. Sur notre mat\u00e9riel d\u00e9riv\u00e9 de la main principale, vous b\u00e9n\u00e9ficiez toujours d&#8217;une garantie de 5 ans lors de l&#8217;utilisation de notre service.<br \/>\nNous sommes \u00e0 votre disposition pour toutes questions!<\/p>\n","protected":false},"excerpt":{"rendered":"<p>Afin d&#8217;assurer la qualit\u00e9 de nos garde-corps, nous utilisons en tant que soci\u00e9t\u00e9 la technologie d&#8217;anodisation avec de l&#8217;aluminium, qui emp\u00eache toute sorte de salet\u00e9 et de rouille. Notre mat\u00e9riau, avec des \u00e9paisseurs de 1,5 et 2,5 mm, peut \u00eatre obtenu dans des formes rondes et rectangulaires. Le domaine d&#8217;application de notre offre comprend des [&hellip;]<\/p>\n","protected":false},"author":1,"featured_media":0,"parent":357,"menu_order":0,"comment_status":"closed","ping_status":"closed","template":"page4.php","meta":{"footnotes":""},"_links":{"self":[{"href":"https:\/\/xn--nl-bau-2yac.de\/fr\/wp-json\/wp\/v2\/pages\/395"}],"collection":[{"href":"https:\/\/xn--nl-bau-2yac.de\/fr\/wp-json\/wp\/v2\/pages"}],"about":[{"href":"https:\/\/xn--nl-bau-2yac.de\/fr\/wp-json\/wp\/v2\/types\/page"}],"author":[{"embeddable":true,"href":"https:\/\/xn--nl-bau-2yac.de\/fr\/wp-json\/wp\/v2\/users\/1"}],"replies":[{"embeddable":true,"href":"https:\/\/xn--nl-bau-2yac.de\/fr\/wp-json\/wp\/v2\/comments?post=395"}],"version-history":[{"count":2,"href":"https:\/\/xn--nl-bau-2yac.de\/fr\/wp-json\/wp\/v2\/pages\/395\/revisions"}],"predecessor-version":[{"id":406,"href":"https:\/\/xn--nl-bau-2yac.de\/fr\/wp-json\/wp\/v2\/pages\/395\/revisions\/406"}],"up":[{"embeddable":true,"href":"https:\/\/xn--nl-bau-2yac.de\/fr\/wp-json\/wp\/v2\/pages\/357"}],"wp:attachment":[{"href":"https:\/\/xn--nl-bau-2yac.de\/fr\/wp-json\/wp\/v2\/media?parent=395"}],"curies":[{"name":"wp","href":"https:\/\/api.w.org\/{rel}","templated":true}]}}