{"id":359,"date":"2017-05-12T13:44:56","date_gmt":"2017-05-12T13:44:56","guid":{"rendered":"https:\/\/xn--nl-bau-2yac.de\/bodendielen-terrassenbau\/"},"modified":"2018-04-14T08:00:27","modified_gmt":"2018-04-14T08:00:27","slug":"planches-terrasse-plancher","status":"publish","type":"page","link":"https:\/\/xn--nl-bau-2yac.de\/fr\/planches-terrasse-plancher\/","title":{"rendered":"PLANCHERS &#038; CONSTRUCTION DE TERRASSES"},"content":{"rendered":"<p>Que ce soit pour une terrasse, un balcon ou la bordure de votre bassin \u2013 nous vous aidons volontiers dans la conception et l&#8217;am\u00e9nagement de votre syst\u00e8me de plancher ext\u00e9rieur. Notre service de qualit\u00e9 et nos mat\u00e9riaux s\u00e9lectionn\u00e9s avec soin garantissent une r\u00e9alisation efficace et durable de vos souhaits. En plus d&#8217;instructions d&#8217;utilisation d\u00e9taill\u00e9es de notre part \u2013 et donc une qualit\u00e9 pr\u00e9programm\u00e9e \u2013 vous b\u00e9n\u00e9ficiez \u00e9galement d&#8217;une garantie de 5 ans pour les commandes en Allemagne et en France.<br \/>\nNous sommes volontiers \u00e0 votre disposition pour toutes questions !<\/p>\n","protected":false},"excerpt":{"rendered":"<p>Que ce soit pour une terrasse, un balcon ou la bordure de votre bassin \u2013 nous vous aidons volontiers dans la conception et l&#8217;am\u00e9nagement de votre syst\u00e8me de plancher ext\u00e9rieur. Notre service de qualit\u00e9 et nos mat\u00e9riaux s\u00e9lectionn\u00e9s avec soin garantissent une r\u00e9alisation efficace et durable de vos souhaits. En plus d&#8217;instructions d&#8217;utilisation d\u00e9taill\u00e9es de [&hellip;]<\/p>\n","protected":false},"author":1,"featured_media":0,"parent":0,"menu_order":0,"comment_status":"closed","ping_status":"closed","template":"page5.php","meta":{"footnotes":""},"_links":{"self":[{"href":"https:\/\/xn--nl-bau-2yac.de\/fr\/wp-json\/wp\/v2\/pages\/359"}],"collection":[{"href":"https:\/\/xn--nl-bau-2yac.de\/fr\/wp-json\/wp\/v2\/pages"}],"about":[{"href":"https:\/\/xn--nl-bau-2yac.de\/fr\/wp-json\/wp\/v2\/types\/page"}],"author":[{"embeddable":true,"href":"https:\/\/xn--nl-bau-2yac.de\/fr\/wp-json\/wp\/v2\/users\/1"}],"replies":[{"embeddable":true,"href":"https:\/\/xn--nl-bau-2yac.de\/fr\/wp-json\/wp\/v2\/comments?post=359"}],"version-history":[{"count":4,"href":"https:\/\/xn--nl-bau-2yac.de\/fr\/wp-json\/wp\/v2\/pages\/359\/revisions"}],"predecessor-version":[{"id":365,"href":"https:\/\/xn--nl-bau-2yac.de\/fr\/wp-json\/wp\/v2\/pages\/359\/revisions\/365"}],"wp:attachment":[{"href":"https:\/\/xn--nl-bau-2yac.de\/fr\/wp-json\/wp\/v2\/media?parent=359"}],"curies":[{"name":"wp","href":"https:\/\/api.w.org\/{rel}","templated":true}]}}