{"id":357,"date":"2017-05-12T13:44:41","date_gmt":"2017-05-12T13:44:41","guid":{"rendered":"https:\/\/xn--nl-bau-2yac.de\/gelaenderbau\/"},"modified":"2017-12-20T11:25:36","modified_gmt":"2017-12-20T11:25:36","slug":"gelaenderbau","status":"publish","type":"page","link":"https:\/\/xn--nl-bau-2yac.de\/fr\/gelaenderbau\/","title":{"rendered":"BALUSTRADES"},"content":{"rendered":"<p>Profitez des avantages de nos balustrades en aluminium. Ce n&#8217;est pas sans raison que nous utilisons, entre autres, l&#8217;aluminium pour nos balustrades. Les lattes transversales en aluminium de nos balustrades sont en effet tr\u00e8s flexibles. Un syst\u00e8me de raccordement simple facilite grandement le montage de ces balustrades. L&#8217;aluminium est relativement l\u00e9ger et pourtant tr\u00e8s stable, de sorte que chaque balustrade en aluminium jouit d&#8217;une longue dur\u00e9e de vie. Gr\u00e2ce \u00e0 la facilit\u00e9 d&#8217;installation, vous pouvez r\u00e9gler de mani\u00e8re flexible la distance entre les diff\u00e9rentes lattes transversales. La facilit\u00e9 d&#8217;entretien de ces balustrades en aluminium est un autre avantage non n\u00e9gligeable. Cela signifie que vous n&#8217;avez pas besoin de repeindre votre balustrade en permanence. L&#8217;aluminium r\u00e9siste en effet \u00e0 la corrosion, de sorte que nos balustrades en aluminium ne demandent en principe aucun entretien. Vous \u00e9conomisez ainsi non seulement du temps, mais aussi des frais ult\u00e9rieurs. Cela participe assur\u00e9ment au tr\u00e8s bon rapport qualit\u00e9-prix global.<\/p>\n","protected":false},"excerpt":{"rendered":"<p>Profitez des avantages de nos balustrades en aluminium. Ce n&#8217;est pas sans raison que nous utilisons, entre autres, l&#8217;aluminium pour nos balustrades. Les lattes transversales en aluminium de nos balustrades sont en effet tr\u00e8s flexibles. Un syst\u00e8me de raccordement simple facilite grandement le montage de ces balustrades. L&#8217;aluminium est relativement l\u00e9ger et pourtant tr\u00e8s stable, [&hellip;]<\/p>\n","protected":false},"author":1,"featured_media":0,"parent":0,"menu_order":0,"comment_status":"closed","ping_status":"closed","template":"page4_de.php","meta":{"footnotes":""},"_links":{"self":[{"href":"https:\/\/xn--nl-bau-2yac.de\/fr\/wp-json\/wp\/v2\/pages\/357"}],"collection":[{"href":"https:\/\/xn--nl-bau-2yac.de\/fr\/wp-json\/wp\/v2\/pages"}],"about":[{"href":"https:\/\/xn--nl-bau-2yac.de\/fr\/wp-json\/wp\/v2\/types\/page"}],"author":[{"embeddable":true,"href":"https:\/\/xn--nl-bau-2yac.de\/fr\/wp-json\/wp\/v2\/users\/1"}],"replies":[{"embeddable":true,"href":"https:\/\/xn--nl-bau-2yac.de\/fr\/wp-json\/wp\/v2\/comments?post=357"}],"version-history":[{"count":1,"href":"https:\/\/xn--nl-bau-2yac.de\/fr\/wp-json\/wp\/v2\/pages\/357\/revisions"}],"predecessor-version":[{"id":358,"href":"https:\/\/xn--nl-bau-2yac.de\/fr\/wp-json\/wp\/v2\/pages\/357\/revisions\/358"}],"wp:attachment":[{"href":"https:\/\/xn--nl-bau-2yac.de\/fr\/wp-json\/wp\/v2\/media?parent=357"}],"curies":[{"name":"wp","href":"https:\/\/api.w.org\/{rel}","templated":true}]}}