{"id":322,"date":"2017-05-12T13:47:26","date_gmt":"2017-05-12T13:47:26","guid":{"rendered":"https:\/\/xn--nl-bau-2yac.de\/maler-verputzer\/leistungen\/"},"modified":"2018-04-14T08:07:15","modified_gmt":"2018-04-14T08:07:15","slug":"services","status":"publish","type":"page","link":"https:\/\/xn--nl-bau-2yac.de\/fr\/maler-verputzer\/services\/","title":{"rendered":"services"},"content":{"rendered":"<p>\u00c0 la section R\u00e9f\u00e9rences, nous avons s\u00e9lectionn\u00e9 pour vous diff\u00e9rents projets de clients.<\/p>\n<p><b>Nos prestations<\/b>:<\/p>\n<ul>\n<li>R\u00e9novations compl\u00e8tes<\/li>\n<li>R\u00e9parations de b\u00e2timents<\/li>\n<li>Travaux de nettoyage et de stuc<\/li>\n<li>Assainissement du b\u00e9ton<\/li>\n<li>Fa\u00e7ades isolantes<\/li>\n<li>Travaux de cr\u00e9pi int\u00e9rieur<\/li>\n<li>Enduits d&#8217;argile<\/li>\n<\/ul>\n","protected":false},"excerpt":{"rendered":"<p>\u00c0 la section R\u00e9f\u00e9rences, nous avons s\u00e9lectionn\u00e9 pour vous diff\u00e9rents projets de clients. Nos prestations: R\u00e9novations compl\u00e8tes R\u00e9parations de b\u00e2timents Travaux de nettoyage et de stuc Assainissement du b\u00e9ton Fa\u00e7ades isolantes Travaux de cr\u00e9pi int\u00e9rieur Enduits d&#8217;argile<\/p>\n","protected":false},"author":1,"featured_media":0,"parent":319,"menu_order":0,"comment_status":"closed","ping_status":"closed","template":"","meta":{"footnotes":""},"_links":{"self":[{"href":"https:\/\/xn--nl-bau-2yac.de\/fr\/wp-json\/wp\/v2\/pages\/322"}],"collection":[{"href":"https:\/\/xn--nl-bau-2yac.de\/fr\/wp-json\/wp\/v2\/pages"}],"about":[{"href":"https:\/\/xn--nl-bau-2yac.de\/fr\/wp-json\/wp\/v2\/types\/page"}],"author":[{"embeddable":true,"href":"https:\/\/xn--nl-bau-2yac.de\/fr\/wp-json\/wp\/v2\/users\/1"}],"replies":[{"embeddable":true,"href":"https:\/\/xn--nl-bau-2yac.de\/fr\/wp-json\/wp\/v2\/comments?post=322"}],"version-history":[{"count":4,"href":"https:\/\/xn--nl-bau-2yac.de\/fr\/wp-json\/wp\/v2\/pages\/322\/revisions"}],"predecessor-version":[{"id":415,"href":"https:\/\/xn--nl-bau-2yac.de\/fr\/wp-json\/wp\/v2\/pages\/322\/revisions\/415"}],"up":[{"embeddable":true,"href":"https:\/\/xn--nl-bau-2yac.de\/fr\/wp-json\/wp\/v2\/pages\/319"}],"wp:attachment":[{"href":"https:\/\/xn--nl-bau-2yac.de\/fr\/wp-json\/wp\/v2\/media?parent=322"}],"curies":[{"name":"wp","href":"https:\/\/api.w.org\/{rel}","templated":true}]}}