{"id":319,"date":"2017-05-12T13:44:33","date_gmt":"2017-05-12T13:44:33","guid":{"rendered":"https:\/\/xn--nl-bau-2yac.de\/maler-verputzer\/"},"modified":"2017-12-12T07:18:49","modified_gmt":"2017-12-12T07:18:49","slug":"maler-verputzer","status":"publish","type":"page","link":"https:\/\/xn--nl-bau-2yac.de\/fr\/maler-verputzer\/","title":{"rendered":"PEINTRES &#038; PL\u00c2TRIERS"},"content":{"rendered":"<p>Notre gamme de prestations comprend la r\u00e9novation compl\u00e8te, la r\u00e9paration de b\u00e2timents, les travaux de nettoyage et de stuc, l&#8217;assainissement du b\u00e9ton et les fa\u00e7ades isolantes. Nous sommes votre  interlocuteur comp\u00e9tent pour tout probl\u00e8me li\u00e9 au secteur de la construction. N&#8217;h\u00e9sitez pas \u00e0 nous contacter. Nos collaborateurs sont \u00e0 votre disposition pour r\u00e9pondre rapidement et efficacement \u00e0 vos demandes, objectifs et souhaits.<\/p>\n<p>\u00c0 la section R\u00e9f\u00e9rences, nous avons s\u00e9lectionn\u00e9 pour vous diff\u00e9rents projets de clients.<\/p>\n<p>&nbsp;<\/p>\n<p><b>Nos prestations :<\/b>:<\/p>\n<ul>\n<li>R\u00e9novations compl\u00e8tes<\/li>\n<li>R\u00e9parations de b\u00e2timents<\/li>\n<li>Travaux de nettoyage et de stuc<\/li>\n<li>Assainissement du b\u00e9ton<\/li>\n<li>Fa\u00e7ades isolantes<\/li>\n<li>Travaux de cr\u00e9pi int\u00e9rieur<\/li>\n<li>Enduits d&#8217;argile<\/li>\n<li>Construction s\u00e8che<\/li>\n<\/ul>\n","protected":false},"excerpt":{"rendered":"<p>Notre gamme de prestations comprend la r\u00e9novation compl\u00e8te, la r\u00e9paration de b\u00e2timents, les travaux de nettoyage et de stuc, l&#8217;assainissement du b\u00e9ton et les fa\u00e7ades isolantes. Nous sommes votre interlocuteur comp\u00e9tent pour tout probl\u00e8me li\u00e9 au secteur de la construction. N&#8217;h\u00e9sitez pas \u00e0 nous contacter. Nos collaborateurs sont \u00e0 votre disposition pour r\u00e9pondre rapidement et [&hellip;]<\/p>\n","protected":false},"author":1,"featured_media":0,"parent":0,"menu_order":0,"comment_status":"closed","ping_status":"closed","template":"page3.php","meta":{"footnotes":""},"_links":{"self":[{"href":"https:\/\/xn--nl-bau-2yac.de\/fr\/wp-json\/wp\/v2\/pages\/319"}],"collection":[{"href":"https:\/\/xn--nl-bau-2yac.de\/fr\/wp-json\/wp\/v2\/pages"}],"about":[{"href":"https:\/\/xn--nl-bau-2yac.de\/fr\/wp-json\/wp\/v2\/types\/page"}],"author":[{"embeddable":true,"href":"https:\/\/xn--nl-bau-2yac.de\/fr\/wp-json\/wp\/v2\/users\/1"}],"replies":[{"embeddable":true,"href":"https:\/\/xn--nl-bau-2yac.de\/fr\/wp-json\/wp\/v2\/comments?post=319"}],"version-history":[{"count":2,"href":"https:\/\/xn--nl-bau-2yac.de\/fr\/wp-json\/wp\/v2\/pages\/319\/revisions"}],"predecessor-version":[{"id":321,"href":"https:\/\/xn--nl-bau-2yac.de\/fr\/wp-json\/wp\/v2\/pages\/319\/revisions\/321"}],"wp:attachment":[{"href":"https:\/\/xn--nl-bau-2yac.de\/fr\/wp-json\/wp\/v2\/media?parent=319"}],"curies":[{"name":"wp","href":"https:\/\/api.w.org\/{rel}","templated":true}]}}